{"id":23,"date":"2024-05-28T08:23:07","date_gmt":"2024-05-28T06:23:07","guid":{"rendered":"https:\/\/dynatech-systems.com\/index.php\/our-services\/"},"modified":"2024-06-04T13:55:26","modified_gmt":"2024-06-04T11:55:26","slug":"nos-applications","status":"publish","type":"page","link":"https:\/\/dynatech-systems.com\/index.php\/nos-applications\/","title":{"rendered":"Nos applications"},"content":{"rendered":"\t\t<div data-elementor-type=\"wp-page\" data-elementor-id=\"23\" class=\"elementor elementor-23\">\n\t\t\t\t<div class=\"elementor-element elementor-element-25a8cae7 e-flex e-con-boxed e-con e-parent\" data-id=\"25a8cae7\" data-element_type=\"container\" data-settings=\"{&quot;background_background&quot;:&quot;classic&quot;}\">\n\t\t\t\t\t<div class=\"e-con-inner\">\n\t\t<div class=\"elementor-element elementor-element-1163c694 e-con-full e-flex e-con e-child\" data-id=\"1163c694\" data-element_type=\"container\">\n\t\t\t\t<div class=\"elementor-element elementor-element-c6333d7 elementor-widget elementor-widget-spacer\" data-id=\"c6333d7\" data-element_type=\"widget\" data-widget_type=\"spacer.default\">\n\t\t\t\t<div class=\"elementor-widget-container\">\n\t\t\t<style>\/*! elementor - v3.21.0 - 26-05-2024 *\/\n.elementor-column .elementor-spacer-inner{height:var(--spacer-size)}.e-con{--container-widget-width:100%}.e-con-inner>.elementor-widget-spacer,.e-con>.elementor-widget-spacer{width:var(--container-widget-width,var(--spacer-size));--align-self:var(--container-widget-align-self,initial);--flex-shrink:0}.e-con-inner>.elementor-widget-spacer>.elementor-widget-container,.e-con>.elementor-widget-spacer>.elementor-widget-container{height:100%;width:100%}.e-con-inner>.elementor-widget-spacer>.elementor-widget-container>.elementor-spacer,.e-con>.elementor-widget-spacer>.elementor-widget-container>.elementor-spacer{height:100%}.e-con-inner>.elementor-widget-spacer>.elementor-widget-container>.elementor-spacer>.elementor-spacer-inner,.e-con>.elementor-widget-spacer>.elementor-widget-container>.elementor-spacer>.elementor-spacer-inner{height:var(--container-widget-height,var(--spacer-size))}.e-con-inner>.elementor-widget-spacer.elementor-widget-empty,.e-con>.elementor-widget-spacer.elementor-widget-empty{position:relative;min-height:22px;min-width:22px}.e-con-inner>.elementor-widget-spacer.elementor-widget-empty .elementor-widget-empty-icon,.e-con>.elementor-widget-spacer.elementor-widget-empty .elementor-widget-empty-icon{position:absolute;top:0;bottom:0;left:0;right:0;margin:auto;padding:0;width:22px;height:22px}<\/style>\t\t<div class=\"elementor-spacer\">\n\t\t\t<div class=\"elementor-spacer-inner\"><\/div>\n\t\t<\/div>\n\t\t\t\t<\/div>\n\t\t\t\t<\/div>\n\t\t\t\t<div class=\"elementor-element elementor-element-37455a3 elementor-invisible elementor-widget elementor-widget-heading\" data-id=\"37455a3\" data-element_type=\"widget\" data-settings=\"{&quot;_animation&quot;:&quot;fadeIn&quot;}\" data-widget_type=\"heading.default\">\n\t\t\t\t<div class=\"elementor-widget-container\">\n\t\t\t<style>\/*! elementor - v3.21.0 - 26-05-2024 *\/\n.elementor-heading-title{padding:0;margin:0;line-height:1}.elementor-widget-heading .elementor-heading-title[class*=elementor-size-]>a{color:inherit;font-size:inherit;line-height:inherit}.elementor-widget-heading .elementor-heading-title.elementor-size-small{font-size:15px}.elementor-widget-heading .elementor-heading-title.elementor-size-medium{font-size:19px}.elementor-widget-heading .elementor-heading-title.elementor-size-large{font-size:29px}.elementor-widget-heading .elementor-heading-title.elementor-size-xl{font-size:39px}.elementor-widget-heading .elementor-heading-title.elementor-size-xxl{font-size:59px}<\/style><h1 class=\"elementor-heading-title elementor-size-default\">Nos applications<\/h1>\t\t<\/div>\n\t\t\t\t<\/div>\n\t\t\t\t<div class=\"elementor-element elementor-element-3b43db54 elementor-invisible elementor-widget elementor-widget-heading\" data-id=\"3b43db54\" data-element_type=\"widget\" data-settings=\"{&quot;_animation&quot;:&quot;fadeIn&quot;,&quot;_animation_delay&quot;:400}\" data-widget_type=\"heading.default\">\n\t\t\t\t<div class=\"elementor-widget-container\">\n\t\t\t<h2 class=\"elementor-heading-title elementor-size-default\">Mesures de grammage, taux de charge, humidit\u00e9 et \u00e9paisseur<\/h2>\t\t<\/div>\n\t\t\t\t<\/div>\n\t\t\t\t<div class=\"elementor-element elementor-element-ae18a74 elementor-widget elementor-widget-spacer\" data-id=\"ae18a74\" data-element_type=\"widget\" data-widget_type=\"spacer.default\">\n\t\t\t\t<div class=\"elementor-widget-container\">\n\t\t\t\t\t<div class=\"elementor-spacer\">\n\t\t\t<div class=\"elementor-spacer-inner\"><\/div>\n\t\t<\/div>\n\t\t\t\t<\/div>\n\t\t\t\t<\/div>\n\t\t\t\t<\/div>\n\t\t\t\t\t<\/div>\n\t\t\t\t<\/div>\n\t\t<div class=\"elementor-element elementor-element-72365be8 e-flex e-con-boxed e-con e-parent\" data-id=\"72365be8\" data-element_type=\"container\">\n\t\t\t\t\t<div class=\"e-con-inner\">\n\t\t<div class=\"elementor-element elementor-element-2e8b6a95 e-con-full e-flex e-con e-child\" data-id=\"2e8b6a95\" data-element_type=\"container\">\n\t\t\t\t<div class=\"elementor-element elementor-element-5f8f5ed9 elementor-widget elementor-widget-heading\" data-id=\"5f8f5ed9\" data-element_type=\"widget\" data-widget_type=\"heading.default\">\n\t\t\t\t<div class=\"elementor-widget-container\">\n\t\t\t<h6 class=\"elementor-heading-title elementor-size-default\">2023 : Mesures de grammage, de TAUX DE CHARGE et d'humidite<\/h6>\t\t<\/div>\n\t\t\t\t<\/div>\n\t\t\t\t<div class=\"elementor-element elementor-element-5731af1d elementor-widget elementor-widget-heading\" data-id=\"5731af1d\" data-element_type=\"widget\" data-widget_type=\"heading.default\">\n\t\t\t\t<div class=\"elementor-widget-container\">\n\t\t\t<h2 class=\"elementor-heading-title elementor-size-default\">Scanner <br>HV3-2000<\/h2>\t\t<\/div>\n\t\t\t\t<\/div>\n\t\t\t\t<div class=\"elementor-element elementor-element-5a5cd79a elementor-widget__width-initial elementor-widget-mobile__width-inherit elementor-widget elementor-widget-text-editor\" data-id=\"5a5cd79a\" data-element_type=\"widget\" data-widget_type=\"text-editor.default\">\n\t\t\t\t<div class=\"elementor-widget-container\">\n\t\t\t<style>\/*! elementor - v3.21.0 - 26-05-2024 *\/\n.elementor-widget-text-editor.elementor-drop-cap-view-stacked .elementor-drop-cap{background-color:#69727d;color:#fff}.elementor-widget-text-editor.elementor-drop-cap-view-framed .elementor-drop-cap{color:#69727d;border:3px solid;background-color:transparent}.elementor-widget-text-editor:not(.elementor-drop-cap-view-default) .elementor-drop-cap{margin-top:8px}.elementor-widget-text-editor:not(.elementor-drop-cap-view-default) .elementor-drop-cap-letter{width:1em;height:1em}.elementor-widget-text-editor .elementor-drop-cap{float:left;text-align:center;line-height:1;font-size:50px}.elementor-widget-text-editor .elementor-drop-cap-letter{display:inline-block}<\/style>\t\t\t\t<p>avec capteur XbTB de technologie rayon X avec d\u00e9bit de dose inf\u00e9rieur \u00e0 1\u03bcSv\/h \u00e0 10cm pour la mesure de grammage et capteur micro-ondes MwT pour la mesure d\u2019humidit\u00e9&nbsp;<\/p>\n<p><b>Interface Flexscan<\/b> \u00ab\u00a0all in one\u00a0\u00bb pour le param\u00e9trage et l&rsquo;exploitation des mesures&nbsp;<\/p>\n<p><strong>Interface de r\u00e9gulation :<\/strong> armoire QCS avec automates Siemens S7-1500 en liaison OPC UA et plateforme op\u00e9rateur Intouch AVEVA<\/p>\n<p><strong>Laize<\/strong> : 1500mm&nbsp;<\/p>\n<p><strong>Grammage<\/strong> : 200 \u00e0 1000 gr\/m2<\/p>\n<p><strong>R\u00e9gulation<\/strong> : H2O sens marche<\/p>\t\t\t\t\t\t<\/div>\n\t\t\t\t<\/div>\n\t\t\t\t<\/div>\n\t\t<div class=\"elementor-element elementor-element-14433871 e-con-full e-flex e-con e-child\" data-id=\"14433871\" data-element_type=\"container\" data-settings=\"{&quot;background_background&quot;:&quot;classic&quot;}\">\n\t\t<div class=\"elementor-element elementor-element-9a34595 e-flex e-con-boxed e-con e-child\" data-id=\"9a34595\" data-element_type=\"container\">\n\t\t\t\t\t<div class=\"e-con-inner\">\n\t\t\t\t<div class=\"elementor-element elementor-element-60838e6 elementor-widget elementor-widget-image\" data-id=\"60838e6\" data-element_type=\"widget\" data-widget_type=\"image.default\">\n\t\t\t\t<div class=\"elementor-widget-container\">\n\t\t\t<style>\/*! elementor - v3.21.0 - 26-05-2024 *\/\n.elementor-widget-image{text-align:center}.elementor-widget-image a{display:inline-block}.elementor-widget-image a img[src$=\".svg\"]{width:48px}.elementor-widget-image img{vertical-align:middle;display:inline-block}<\/style>\t\t\t\t\t\t\t\t\t\t<img fetchpriority=\"high\" decoding=\"async\" width=\"1024\" height=\"576\" src=\"https:\/\/dynatech-systems.com\/wp-content\/uploads\/2024\/05\/2-1024x576.png\" class=\"attachment-large size-large wp-image-170\" alt=\"\" srcset=\"https:\/\/dynatech-systems.com\/wp-content\/uploads\/2024\/05\/2-1024x576.png 1024w, https:\/\/dynatech-systems.com\/wp-content\/uploads\/2024\/05\/2-300x169.png 300w, https:\/\/dynatech-systems.com\/wp-content\/uploads\/2024\/05\/2-768x432.png 768w, https:\/\/dynatech-systems.com\/wp-content\/uploads\/2024\/05\/2-1536x864.png 1536w, https:\/\/dynatech-systems.com\/wp-content\/uploads\/2024\/05\/2-800x450.png 800w, https:\/\/dynatech-systems.com\/wp-content\/uploads\/2024\/05\/2.png 1920w\" sizes=\"(max-width: 1024px) 100vw, 1024px\" \/>\t\t\t\t\t\t\t\t\t\t\t\t\t<\/div>\n\t\t\t\t<\/div>\n\t\t\t\t\t<\/div>\n\t\t\t\t<\/div>\n\t\t<div class=\"elementor-element elementor-element-ab4f297 e-flex e-con-boxed e-con e-child\" data-id=\"ab4f297\" data-element_type=\"container\">\n\t\t\t\t\t<div class=\"e-con-inner\">\n\t\t<div class=\"elementor-element elementor-element-bf9bf83 e-con-full e-flex e-con e-child\" data-id=\"bf9bf83\" data-element_type=\"container\">\n\t\t<div class=\"elementor-element elementor-element-657692e e-grid e-con-boxed e-con e-child\" data-id=\"657692e\" data-element_type=\"container\">\n\t\t\t\t\t<div class=\"e-con-inner\">\n\t\t\t\t<div class=\"elementor-element elementor-element-f194a38 elementor-widget elementor-widget-image\" data-id=\"f194a38\" data-element_type=\"widget\" data-widget_type=\"image.default\">\n\t\t\t\t<div class=\"elementor-widget-container\">\n\t\t\t\t\t\t\t\t\t\t\t\t\t<img decoding=\"async\" width=\"1024\" height=\"576\" src=\"https:\/\/dynatech-systems.com\/wp-content\/uploads\/2024\/05\/Vue_Generale-1024x576.png\" class=\"attachment-large size-large wp-image-172\" alt=\"\" srcset=\"https:\/\/dynatech-systems.com\/wp-content\/uploads\/2024\/05\/Vue_Generale-1024x576.png 1024w, https:\/\/dynatech-systems.com\/wp-content\/uploads\/2024\/05\/Vue_Generale-300x169.png 300w, https:\/\/dynatech-systems.com\/wp-content\/uploads\/2024\/05\/Vue_Generale-768x432.png 768w, https:\/\/dynatech-systems.com\/wp-content\/uploads\/2024\/05\/Vue_Generale-1536x864.png 1536w, https:\/\/dynatech-systems.com\/wp-content\/uploads\/2024\/05\/Vue_Generale-800x450.png 800w, https:\/\/dynatech-systems.com\/wp-content\/uploads\/2024\/05\/Vue_Generale.png 1920w\" sizes=\"(max-width: 1024px) 100vw, 1024px\" \/>\t\t\t\t\t\t\t\t\t\t\t\t\t<\/div>\n\t\t\t\t<\/div>\n\t\t\t\t<div class=\"elementor-element elementor-element-9977a4f elementor-widget elementor-widget-image\" data-id=\"9977a4f\" data-element_type=\"widget\" data-widget_type=\"image.default\">\n\t\t\t\t<div class=\"elementor-widget-container\">\n\t\t\t\t\t\t\t\t\t\t\t\t\t<img decoding=\"async\" width=\"786\" height=\"703\" src=\"https:\/\/dynatech-systems.com\/wp-content\/uploads\/2024\/05\/interfaces.png\" class=\"attachment-large size-large wp-image-176\" alt=\"\" srcset=\"https:\/\/dynatech-systems.com\/wp-content\/uploads\/2024\/05\/interfaces.png 786w, https:\/\/dynatech-systems.com\/wp-content\/uploads\/2024\/05\/interfaces-300x268.png 300w, https:\/\/dynatech-systems.com\/wp-content\/uploads\/2024\/05\/interfaces-768x687.png 768w\" sizes=\"(max-width: 786px) 100vw, 786px\" \/>\t\t\t\t\t\t\t\t\t\t\t\t\t<\/div>\n\t\t\t\t<\/div>\n\t\t\t\t\t<\/div>\n\t\t\t\t<\/div>\n\t\t\t\t<\/div>\n\t\t\t\t\t<\/div>\n\t\t\t\t<\/div>\n\t\t\t\t<\/div>\n\t\t\t\t\t<\/div>\n\t\t\t\t<\/div>\n\t\t<div class=\"elementor-element elementor-element-242209a e-flex e-con-boxed e-con e-parent\" data-id=\"242209a\" data-element_type=\"container\">\n\t\t\t\t\t<div class=\"e-con-inner\">\n\t\t<div class=\"elementor-element elementor-element-615cc84 e-flex e-con-boxed e-con e-child\" data-id=\"615cc84\" data-element_type=\"container\">\n\t\t\t\t\t<div class=\"e-con-inner\">\n\t\t<div class=\"elementor-element elementor-element-a449154 e-con-full e-flex e-con e-child\" data-id=\"a449154\" data-element_type=\"container\">\n\t\t\t\t<div class=\"elementor-element elementor-element-0fee8b9 elementor-widget elementor-widget-heading\" data-id=\"0fee8b9\" data-element_type=\"widget\" data-widget_type=\"heading.default\">\n\t\t\t\t<div class=\"elementor-widget-container\">\n\t\t\t<h6 class=\"elementor-heading-title elementor-size-default\">2022 : Mesures de grammage et d'humidite<\/h6>\t\t<\/div>\n\t\t\t\t<\/div>\n\t\t\t\t<div class=\"elementor-element elementor-element-585c9be elementor-widget elementor-widget-heading\" data-id=\"585c9be\" data-element_type=\"widget\" data-widget_type=\"heading.default\">\n\t\t\t\t<div class=\"elementor-widget-container\">\n\t\t\t<h2 class=\"elementor-heading-title elementor-size-default\">Scanner :<br>ULO3-2500 <br><\/h2>\t\t<\/div>\n\t\t\t\t<\/div>\n\t\t\t\t<div class=\"elementor-element elementor-element-fbf5e35 elementor-widget__width-initial elementor-widget-mobile__width-inherit elementor-widget elementor-widget-text-editor\" data-id=\"fbf5e35\" data-element_type=\"widget\" data-widget_type=\"text-editor.default\">\n\t\t\t\t<div class=\"elementor-widget-container\">\n\t\t\t\t\t\t\t<p><b>Laize<\/b>\u00a0: 2500mm\u00a0<\/p><p><span style=\"font-size: 16px; color: var( --e-global-color-text ); letter-spacing: var( --e-global-typography-text-letter-spacing ); text-transform: var( --e-global-typography-text-text-transform ); text-align: var(--text-align); background-color: var( --e-global-color-c696dce );\"><b>Grammage<\/b> :\u00a0<\/span><span style=\"text-align: var(--text-align); background-color: var( --e-global-color-c696dce );\">40 \u00e0 120 gr\/m2<\/span><\/p><p><span style=\"text-align: var(--text-align); background-color: var( --e-global-color-c696dce );\"><b>Mesures<\/b> :\u00a0<\/span><span style=\"text-align: var(--text-align); background-color: var( --e-global-color-c696dce );\">Grammage et\u00a0<\/span><span style=\"text-align: var(--text-align); background-color: var( --e-global-color-c696dce );\">H2O\u00a0<\/span><span style=\"text-align: var(--text-align); background-color: var( --e-global-color-c696dce );\"><br \/><\/span><\/p><p><span style=\"text-align: var(--text-align); background-color: var( --e-global-color-c696dce );\"><b>IHM<\/b>\u00a0<\/span><span style=\"text-align: var(--text-align); background-color: var( --e-global-color-c696dce );\">: Flexscan \u00ab all in one \u00bb<\/span><span style=\"text-align: var(--text-align); background-color: var( --e-global-color-c696dce );\"><br \/><\/span><\/p><p><span style=\"text-align: var(--text-align); background-color: var( --e-global-color-c696dce );\">\u00a0<\/span><\/p>\t\t\t\t\t\t<\/div>\n\t\t\t\t<\/div>\n\t\t\t\t<\/div>\n\t\t<div class=\"elementor-element elementor-element-91c3162 e-con-full e-flex e-con e-child\" data-id=\"91c3162\" data-element_type=\"container\" data-settings=\"{&quot;background_background&quot;:&quot;slideshow&quot;,&quot;background_slideshow_gallery&quot;:[],&quot;background_slideshow_loop&quot;:&quot;yes&quot;,&quot;background_slideshow_slide_duration&quot;:5000,&quot;background_slideshow_slide_transition&quot;:&quot;fade&quot;,&quot;background_slideshow_transition_duration&quot;:500}\">\n\t\t\t\t<div class=\"elementor-element elementor-element-e0ecd3f elementor-widget elementor-widget-image\" data-id=\"e0ecd3f\" data-element_type=\"widget\" data-widget_type=\"image.default\">\n\t\t\t\t<div class=\"elementor-widget-container\">\n\t\t\t\t\t\t\t\t\t\t\t\t\t<img loading=\"lazy\" decoding=\"async\" width=\"908\" height=\"444\" src=\"https:\/\/dynatech-systems.com\/wp-content\/uploads\/2024\/05\/photo-3b.png\" class=\"attachment-large size-large wp-image-184\" alt=\"\" srcset=\"https:\/\/dynatech-systems.com\/wp-content\/uploads\/2024\/05\/photo-3b.png 908w, https:\/\/dynatech-systems.com\/wp-content\/uploads\/2024\/05\/photo-3b-300x147.png 300w, https:\/\/dynatech-systems.com\/wp-content\/uploads\/2024\/05\/photo-3b-768x376.png 768w\" sizes=\"(max-width: 908px) 100vw, 908px\" \/>\t\t\t\t\t\t\t\t\t\t\t\t\t<\/div>\n\t\t\t\t<\/div>\n\t\t\t\t<div class=\"elementor-element elementor-element-95e0807 elementor-widget elementor-widget-image\" data-id=\"95e0807\" data-element_type=\"widget\" data-widget_type=\"image.default\">\n\t\t\t\t<div class=\"elementor-widget-container\">\n\t\t\t\t\t\t\t\t\t\t\t\t\t<img loading=\"lazy\" decoding=\"async\" width=\"908\" height=\"532\" src=\"https:\/\/dynatech-systems.com\/wp-content\/uploads\/2024\/05\/photo-2b-1.png\" class=\"attachment-large size-large wp-image-185\" alt=\"\" srcset=\"https:\/\/dynatech-systems.com\/wp-content\/uploads\/2024\/05\/photo-2b-1.png 908w, https:\/\/dynatech-systems.com\/wp-content\/uploads\/2024\/05\/photo-2b-1-300x176.png 300w, https:\/\/dynatech-systems.com\/wp-content\/uploads\/2024\/05\/photo-2b-1-768x450.png 768w\" sizes=\"(max-width: 908px) 100vw, 908px\" \/>\t\t\t\t\t\t\t\t\t\t\t\t\t<\/div>\n\t\t\t\t<\/div>\n\t\t\t\t<\/div>\n\t\t\t\t\t<\/div>\n\t\t\t\t<\/div>\n\t\t\t\t\t<\/div>\n\t\t\t\t<\/div>\n\t\t<div class=\"elementor-element elementor-element-849a4b0 e-flex e-con-boxed e-con e-parent\" data-id=\"849a4b0\" data-element_type=\"container\">\n\t\t\t\t\t<div class=\"e-con-inner\">\n\t\t<div class=\"elementor-element elementor-element-81d6ea4 e-flex e-con-boxed e-con e-child\" data-id=\"81d6ea4\" data-element_type=\"container\">\n\t\t\t\t\t<div class=\"e-con-inner\">\n\t\t<div class=\"elementor-element elementor-element-c0b64ac e-con-full e-flex e-con e-child\" data-id=\"c0b64ac\" data-element_type=\"container\">\n\t\t\t\t<div class=\"elementor-element elementor-element-4a4e081 elementor-widget elementor-widget-heading\" data-id=\"4a4e081\" data-element_type=\"widget\" data-widget_type=\"heading.default\">\n\t\t\t\t<div class=\"elementor-widget-container\">\n\t\t\t<h6 class=\"elementor-heading-title elementor-size-default\">2021 : MESURES DE GRAMMAGE, TAUX DE CHARGE, HUMIDITE ET EPAISSEUR<\/h6>\t\t<\/div>\n\t\t\t\t<\/div>\n\t\t\t\t<div class=\"elementor-element elementor-element-b0ca3e7 elementor-widget elementor-widget-heading\" data-id=\"b0ca3e7\" data-element_type=\"widget\" data-widget_type=\"heading.default\">\n\t\t\t\t<div class=\"elementor-widget-container\">\n\t\t\t<h2 class=\"elementor-heading-title elementor-size-default\">Scanner : <br>HV3-3000 <\/h2>\t\t<\/div>\n\t\t\t\t<\/div>\n\t\t\t\t<div class=\"elementor-element elementor-element-f659fe1 elementor-widget__width-initial elementor-widget-mobile__width-inherit elementor-widget elementor-widget-text-editor\" data-id=\"f659fe1\" data-element_type=\"widget\" data-widget_type=\"text-editor.default\">\n\t\t\t\t<div class=\"elementor-widget-container\">\n\t\t\t\t\t\t\t<p><strong>Laize<\/strong> : 2600mm<\/p><p><strong>Grammage<\/strong> : 200 \u00e0 2500 gr\/m2<\/p><p><strong>R\u00e9gulations<\/strong> :\u00a0H2O sens marche, Poids sens marche et sens travers, Epaisseur sens marche\u00a0<\/p><p><strong>IHM<\/strong> : 3 stations Flexscan \u00ab client serveur \u00bb\u00a0<\/p><p>5 stations control process In touch AVEVA<\/p><p>\u00a0<\/p>\t\t\t\t\t\t<\/div>\n\t\t\t\t<\/div>\n\t\t\t\t<\/div>\n\t\t<div class=\"elementor-element elementor-element-087eab0 e-flex e-con-boxed e-con e-child\" data-id=\"087eab0\" data-element_type=\"container\" data-settings=\"{&quot;background_background&quot;:&quot;classic&quot;}\">\n\t\t\t\t\t<div class=\"e-con-inner\">\n\t\t\t\t<div class=\"elementor-element elementor-element-519a588 elementor-widget elementor-widget-image\" data-id=\"519a588\" data-element_type=\"widget\" data-widget_type=\"image.default\">\n\t\t\t\t<div class=\"elementor-widget-container\">\n\t\t\t\t\t\t\t\t\t\t\t\t\t<img loading=\"lazy\" decoding=\"async\" width=\"908\" height=\"680\" src=\"https:\/\/dynatech-systems.com\/wp-content\/uploads\/2024\/05\/photo.png\" class=\"attachment-large size-large wp-image-198\" alt=\"\" srcset=\"https:\/\/dynatech-systems.com\/wp-content\/uploads\/2024\/05\/photo.png 908w, https:\/\/dynatech-systems.com\/wp-content\/uploads\/2024\/05\/photo-300x225.png 300w, https:\/\/dynatech-systems.com\/wp-content\/uploads\/2024\/05\/photo-768x575.png 768w\" sizes=\"(max-width: 908px) 100vw, 908px\" \/>\t\t\t\t\t\t\t\t\t\t\t\t\t<\/div>\n\t\t\t\t<\/div>\n\t\t\t\t\t<\/div>\n\t\t\t\t<\/div>\n\t\t\t\t\t<\/div>\n\t\t\t\t<\/div>\n\t\t\t\t\t<\/div>\n\t\t\t\t<\/div>\n\t\t<div class=\"elementor-element elementor-element-3918840 e-flex e-con-boxed e-con e-parent\" data-id=\"3918840\" data-element_type=\"container\">\n\t\t\t\t\t<div class=\"e-con-inner\">\n\t\t\t\t<div class=\"elementor-element elementor-element-ee64b29 elementor-widget elementor-widget-spacer\" data-id=\"ee64b29\" data-element_type=\"widget\" data-widget_type=\"spacer.default\">\n\t\t\t\t<div class=\"elementor-widget-container\">\n\t\t\t\t\t<div class=\"elementor-spacer\">\n\t\t\t<div class=\"elementor-spacer-inner\"><\/div>\n\t\t<\/div>\n\t\t\t\t<\/div>\n\t\t\t\t<\/div>\n\t\t\t\t\t<\/div>\n\t\t\t\t<\/div>\n\t\t\t\t<\/div>\n\t\t","protected":false},"excerpt":{"rendered":"<p>Nos applications Mesures de grammage, taux de charge, humidit\u00e9 et \u00e9paisseur 2023 : Mesures de grammage, de TAUX DE CHARGE et d&rsquo;humidite Scanner HV3-2000 avec capteur XbTB de technologie rayon X avec d\u00e9bit de dose inf\u00e9rieur \u00e0 1\u03bcSv\/h \u00e0 10cm pour la mesure de grammage et capteur micro-ondes MwT pour la mesure d\u2019humidit\u00e9&nbsp; Interface Flexscan [&hellip;]<\/p>\n","protected":false},"author":1,"featured_media":34,"parent":0,"menu_order":0,"comment_status":"closed","ping_status":"closed","template":"elementor_header_footer","meta":{"footnotes":""},"class_list":["post-23","page","type-page","status-publish","has-post-thumbnail","hentry","entry","has-media"],"_links":{"self":[{"href":"https:\/\/dynatech-systems.com\/index.php\/wp-json\/wp\/v2\/pages\/23","targetHints":{"allow":["GET"]}}],"collection":[{"href":"https:\/\/dynatech-systems.com\/index.php\/wp-json\/wp\/v2\/pages"}],"about":[{"href":"https:\/\/dynatech-systems.com\/index.php\/wp-json\/wp\/v2\/types\/page"}],"author":[{"embeddable":true,"href":"https:\/\/dynatech-systems.com\/index.php\/wp-json\/wp\/v2\/users\/1"}],"replies":[{"embeddable":true,"href":"https:\/\/dynatech-systems.com\/index.php\/wp-json\/wp\/v2\/comments?post=23"}],"version-history":[{"count":134,"href":"https:\/\/dynatech-systems.com\/index.php\/wp-json\/wp\/v2\/pages\/23\/revisions"}],"predecessor-version":[{"id":660,"href":"https:\/\/dynatech-systems.com\/index.php\/wp-json\/wp\/v2\/pages\/23\/revisions\/660"}],"wp:featuredmedia":[{"embeddable":true,"href":"https:\/\/dynatech-systems.com\/index.php\/wp-json\/wp\/v2\/media\/34"}],"wp:attachment":[{"href":"https:\/\/dynatech-systems.com\/index.php\/wp-json\/wp\/v2\/media?parent=23"}],"curies":[{"name":"wp","href":"https:\/\/api.w.org\/{rel}","templated":true}]}}